

{"id":25054,"date":"2025-05-13T08:49:51","date_gmt":"2025-05-13T08:49:51","guid":{"rendered":"https:\/\/etitmimarlik.com\/project\/ynm-construction-office\/"},"modified":"2025-05-23T12:05:19","modified_gmt":"2025-05-23T12:05:19","slug":"ynm-construction-office","status":"publish","type":"page","link":"https:\/\/etitmimarlik.com\/en\/project\/ynm-construction-office\/","title":{"rendered":"Ynm Construction Office"},"content":{"rendered":"\t\t<div data-elementor-type=\"wp-page\" data-elementor-id=\"25054\" class=\"elementor elementor-25054 elementor-25028\">\n\t\t\t\t\t\t<section class=\"elementor-section elementor-top-section elementor-element elementor-element-8f4ee51 elementor-section-boxed elementor-section-height-default elementor-section-height-default sc_fly_static\" data-id=\"8f4ee51\" data-element_type=\"section\">\n\t\t\t\t\t\t<div class=\"elementor-container elementor-column-gap-extended\">\n\t\t\t\t\t<div class=\"elementor-column elementor-col-100 elementor-top-column elementor-element elementor-element-c6452e4 sc_content_align_inherit sc_layouts_column_icons_position_left sc_fly_static\" data-id=\"c6452e4\" data-element_type=\"column\">\n\t\t\t<div class=\"elementor-widget-wrap elementor-element-populated\">\n\t\t\t\t\t\t<div class=\"elementor-element elementor-element-86ee7f9 elementor-widget elementor-widget-text-editor\" data-id=\"86ee7f9\" data-element_type=\"widget\" data-widget_type=\"text-editor.default\">\n\t\t\t\t\t\t\t\t\t<h3><span style=\"color: #1d1d1d;\"><b>YNM Construction Office<\/b><\/span><\/h3>\n\t\t\t\t\t\t\t\t<\/div>\n\t\t\t\t<div class=\"elementor-element elementor-element-8f0fa39 elementor-widget__width-initial elementor-widget elementor-widget-text-editor\" data-id=\"8f0fa39\" data-element_type=\"widget\" data-widget_type=\"text-editor.default\">\n\t\t\t\t\t\t\t\t\t<p><strong>Type:<\/strong> Office <strong>Location:<\/strong> T\u00fcrkiye <strong>Year: 2023<\/strong><\/p>\n\t\t\t\t\t\t\t\t<\/div>\n\t\t\t\t\t<\/div>\n\t\t<\/div>\n\t\t\t\t\t<\/div>\n\t\t<\/section>\n\t\t\t\t<section class=\"elementor-section elementor-top-section elementor-element elementor-element-d19ee2a elementor-section-boxed elementor-section-height-default elementor-section-height-default sc_fly_static\" data-id=\"d19ee2a\" data-element_type=\"section\">\n\t\t\t\t\t\t<div class=\"elementor-container elementor-column-gap-extended\">\n\t\t\t\t\t<div class=\"elementor-column elementor-col-100 elementor-top-column elementor-element elementor-element-f230ca5 sc_content_align_inherit sc_layouts_column_icons_position_left sc_fly_static\" data-id=\"f230ca5\" data-element_type=\"column\">\n\t\t\t<div class=\"elementor-widget-wrap elementor-element-populated\">\n\t\t\t\t\t\t<div class=\"elementor-element elementor-element-68e2e29 elementor-widget elementor-widget-spacer\" data-id=\"68e2e29\" data-element_type=\"widget\" data-widget_type=\"spacer.default\">\n\t\t\t\t\t\t\t<div class=\"elementor-spacer\">\n\t\t\t<div class=\"elementor-spacer-inner\"><\/div>\n\t\t<\/div>\n\t\t\t\t\t\t<\/div>\n\t\t\t\t<div class=\"elementor-element elementor-element-f1c290d gallery-spacing-custom elementor-widget elementor-widget-image-gallery\" data-id=\"f1c290d\" data-element_type=\"widget\" data-widget_type=\"image-gallery.default\">\n\t\t\t\t\t\t\t<div class=\"elementor-image-gallery\">\n\t\t\t<div id='gallery-1' class='gallery galleryid-25054 gallery-columns-3 gallery-size-post-thumbnail'><figure class='gallery-item'>\n\t\t\t<div class='gallery-icon portrait'>\n\t\t\t\t<a data-elementor-open-lightbox=\"yes\" data-elementor-lightbox-slideshow=\"f1c290d\" data-elementor-lightbox-title=\"YNM \u0130N\u015eAAT - OF\u0130S (19)\" data-e-action-hash=\"#elementor-action%3Aaction%3Dlightbox%26settings%3DeyJpZCI6MjUwMzMsInVybCI6Imh0dHBzOlwvXC9ldGl0bWltYXJsaWsuY29tXC93cC1jb250ZW50XC91cGxvYWRzXC8yMDI1XC8wNVwvWU5NLUlOU0FBVC1PRklTLTE5LmpwZyIsInNsaWRlc2hvdyI6ImYxYzI5MGQifQ%3D%3D\" href='https:\/\/mlomdotv9ssz.i.optimole.com\/w:auto\/h:auto\/q:mauto\/ig:avif\/https:\/\/etitmimarlik.com\/wp-content\/uploads\/2025\/05\/YNM-INSAAT-OFIS-19.jpg'><img data-opt-id=1368262195  fetchpriority=\"high\" decoding=\"async\" width=\"370\" height=\"438\" src=\"https:\/\/mlomdotv9ssz.i.optimole.com\/w:370\/h:438\/q:mauto\/ig:avif\/https:\/\/etitmimarlik.com\/wp-content\/uploads\/2025\/05\/YNM-INSAAT-OFIS-19.jpg\" class=\"attachment-post-thumbnail size-post-thumbnail\" alt=\"\" srcset=\"https:\/\/mlomdotv9ssz.i.optimole.com\/w:370\/h:438\/q:mauto\/ig:avif\/https:\/\/etitmimarlik.com\/wp-content\/uploads\/2025\/05\/YNM-INSAAT-OFIS-19.jpg 370w, https:\/\/mlomdotv9ssz.i.optimole.com\/w:254\/h:300\/q:mauto\/ig:avif\/https:\/\/etitmimarlik.com\/wp-content\/uploads\/2025\/05\/YNM-INSAAT-OFIS-19.jpg 254w, https:\/\/mlomdotv9ssz.i.optimole.com\/w:866\/h:1024\/q:mauto\/ig:avif\/https:\/\/etitmimarlik.com\/wp-content\/uploads\/2025\/05\/YNM-INSAAT-OFIS-19.jpg 866w, https:\/\/mlomdotv9ssz.i.optimole.com\/w:768\/h:909\/q:mauto\/ig:avif\/https:\/\/etitmimarlik.com\/wp-content\/uploads\/2025\/05\/YNM-INSAAT-OFIS-19.jpg 768w, https:\/\/mlomdotv9ssz.i.optimole.com\/w:840\/h:994\/q:mauto\/ig:avif\/https:\/\/etitmimarlik.com\/wp-content\/uploads\/2025\/05\/YNM-INSAAT-OFIS-19.jpg 840w, https:\/\/mlomdotv9ssz.i.optimole.com\/w:410\/h:485\/q:mauto\/ig:avif\/https:\/\/etitmimarlik.com\/wp-content\/uploads\/2025\/05\/YNM-INSAAT-OFIS-19.jpg 410w, https:\/\/mlomdotv9ssz.i.optimole.com\/w:912\/h:1080\/q:mauto\/ig:avif\/https:\/\/etitmimarlik.com\/wp-content\/uploads\/2025\/05\/YNM-INSAAT-OFIS-19.jpg 1268w\" sizes=\"(max-width: 600px) 100vw, 370px\" \/><\/a>\n\t\t\t<\/div><\/figure><figure class='gallery-item'>\n\t\t\t<div class='gallery-icon portrait'>\n\t\t\t\t<a data-elementor-open-lightbox=\"yes\" data-elementor-lightbox-slideshow=\"f1c290d\" data-elementor-lightbox-title=\"YNM \u0130N\u015eAAT - OF\u0130S (16)\" data-e-action-hash=\"#elementor-action%3Aaction%3Dlightbox%26settings%3DeyJpZCI6MjUwMzUsInVybCI6Imh0dHBzOlwvXC9ldGl0bWltYXJsaWsuY29tXC93cC1jb250ZW50XC91cGxvYWRzXC8yMDI1XC8wNVwvWU5NLUlOU0FBVC1PRklTLTE2LmpwZyIsInNsaWRlc2hvdyI6ImYxYzI5MGQifQ%3D%3D\" href='https:\/\/mlomdotv9ssz.i.optimole.com\/w:auto\/h:auto\/q:mauto\/ig:avif\/https:\/\/etitmimarlik.com\/wp-content\/uploads\/2025\/05\/YNM-INSAAT-OFIS-16.jpg'><img data-opt-id=1410902738  fetchpriority=\"high\" decoding=\"async\" width=\"370\" height=\"438\" src=\"https:\/\/mlomdotv9ssz.i.optimole.com\/w:370\/h:438\/q:mauto\/ig:avif\/https:\/\/etitmimarlik.com\/wp-content\/uploads\/2025\/05\/YNM-INSAAT-OFIS-16.jpg\" class=\"attachment-post-thumbnail size-post-thumbnail\" alt=\"\" srcset=\"https:\/\/mlomdotv9ssz.i.optimole.com\/w:370\/h:438\/q:mauto\/ig:avif\/https:\/\/etitmimarlik.com\/wp-content\/uploads\/2025\/05\/YNM-INSAAT-OFIS-16.jpg 370w, https:\/\/mlomdotv9ssz.i.optimole.com\/w:254\/h:300\/q:mauto\/ig:avif\/https:\/\/etitmimarlik.com\/wp-content\/uploads\/2025\/05\/YNM-INSAAT-OFIS-16.jpg 254w, https:\/\/mlomdotv9ssz.i.optimole.com\/w:410\/h:485\/q:mauto\/ig:avif\/https:\/\/etitmimarlik.com\/wp-content\/uploads\/2025\/05\/YNM-INSAAT-OFIS-16.jpg 410w, https:\/\/mlomdotv9ssz.i.optimole.com\/w:498\/h:589\/q:mauto\/ig:avif\/https:\/\/etitmimarlik.com\/wp-content\/uploads\/2025\/05\/YNM-INSAAT-OFIS-16.jpg 498w\" sizes=\"(max-width: 600px) 100vw, 370px\" \/><\/a>\n\t\t\t<\/div><\/figure><figure class='gallery-item'>\n\t\t\t<div class='gallery-icon portrait'>\n\t\t\t\t<a data-elementor-open-lightbox=\"yes\" data-elementor-lightbox-slideshow=\"f1c290d\" data-elementor-lightbox-title=\"YNM \u0130N\u015eAAT - OF\u0130S (15)\" data-e-action-hash=\"#elementor-action%3Aaction%3Dlightbox%26settings%3DeyJpZCI6MjUwMzcsInVybCI6Imh0dHBzOlwvXC9ldGl0bWltYXJsaWsuY29tXC93cC1jb250ZW50XC91cGxvYWRzXC8yMDI1XC8wNVwvWU5NLUlOU0FBVC1PRklTLTE1LmpwZyIsInNsaWRlc2hvdyI6ImYxYzI5MGQifQ%3D%3D\" href='https:\/\/mlomdotv9ssz.i.optimole.com\/w:auto\/h:auto\/q:mauto\/ig:avif\/https:\/\/etitmimarlik.com\/wp-content\/uploads\/2025\/05\/YNM-INSAAT-OFIS-15.jpg'><img data-opt-id=990446818  data-opt-src=\"https:\/\/mlomdotv9ssz.i.optimole.com\/w:370\/h:438\/q:mauto\/ig:avif\/https:\/\/etitmimarlik.com\/wp-content\/uploads\/2025\/05\/YNM-INSAAT-OFIS-15.jpg\"  decoding=\"async\" width=\"370\" height=\"438\" src=\"data:image/svg+xml,%3Csvg%20viewBox%3D%220%200%20370%20438%22%20width%3D%22370%22%20height%3D%22438%22%20xmlns%3D%22http%3A%2F%2Fwww.w3.org%2F2000%2Fsvg%22%3E%3Crect%20width%3D%22370%22%20height%3D%22438%22%20fill%3D%22transparent%22%2F%3E%3C%2Fsvg%3E\" class=\"attachment-post-thumbnail size-post-thumbnail\" alt=\"\" old-srcset=\"https:\/\/mlomdotv9ssz.i.optimole.com\/w:370\/h:438\/q:mauto\/ig:avif\/https:\/\/etitmimarlik.com\/wp-content\/uploads\/2025\/05\/YNM-INSAAT-OFIS-15.jpg 370w, https:\/\/mlomdotv9ssz.i.optimole.com\/w:254\/h:300\/q:mauto\/ig:avif\/https:\/\/etitmimarlik.com\/wp-content\/uploads\/2025\/05\/YNM-INSAAT-OFIS-15.jpg 254w, https:\/\/mlomdotv9ssz.i.optimole.com\/w:866\/h:1024\/q:mauto\/ig:avif\/https:\/\/etitmimarlik.com\/wp-content\/uploads\/2025\/05\/YNM-INSAAT-OFIS-15.jpg 866w, https:\/\/mlomdotv9ssz.i.optimole.com\/w:768\/h:909\/q:mauto\/ig:avif\/https:\/\/etitmimarlik.com\/wp-content\/uploads\/2025\/05\/YNM-INSAAT-OFIS-15.jpg 768w, https:\/\/mlomdotv9ssz.i.optimole.com\/w:912\/h:1080\/q:mauto\/ig:avif\/https:\/\/etitmimarlik.com\/wp-content\/uploads\/2025\/05\/YNM-INSAAT-OFIS-15.jpg 1298w, https:\/\/mlomdotv9ssz.i.optimole.com\/w:840\/h:994\/q:mauto\/ig:avif\/https:\/\/etitmimarlik.com\/wp-content\/uploads\/2025\/05\/YNM-INSAAT-OFIS-15.jpg 840w, https:\/\/mlomdotv9ssz.i.optimole.com\/w:410\/h:485\/q:mauto\/ig:avif\/https:\/\/etitmimarlik.com\/wp-content\/uploads\/2025\/05\/YNM-INSAAT-OFIS-15.jpg 410w, https:\/\/mlomdotv9ssz.i.optimole.com\/w:912\/h:1080\/q:mauto\/ig:avif\/https:\/\/etitmimarlik.com\/wp-content\/uploads\/2025\/05\/YNM-INSAAT-OFIS-15.jpg 1366w\" \/><\/a>\n\t\t\t<\/div><\/figure><figure class='gallery-item'>\n\t\t\t<div class='gallery-icon landscape'>\n\t\t\t\t<a data-elementor-open-lightbox=\"yes\" data-elementor-lightbox-slideshow=\"f1c290d\" data-elementor-lightbox-title=\"YNM \u0130N\u015eAAT - OF\u0130S (13)\" data-e-action-hash=\"#elementor-action%3Aaction%3Dlightbox%26settings%3DeyJpZCI6MjUwMzksInVybCI6Imh0dHBzOlwvXC9ldGl0bWltYXJsaWsuY29tXC93cC1jb250ZW50XC91cGxvYWRzXC8yMDI1XC8wNVwvWU5NLUlOU0FBVC1PRklTLTEzLmpwZyIsInNsaWRlc2hvdyI6ImYxYzI5MGQifQ%3D%3D\" href='https:\/\/mlomdotv9ssz.i.optimole.com\/w:auto\/h:auto\/q:mauto\/ig:avif\/https:\/\/etitmimarlik.com\/wp-content\/uploads\/2025\/05\/YNM-INSAAT-OFIS-13.jpg'><img data-opt-id=999684189  data-opt-src=\"https:\/\/mlomdotv9ssz.i.optimole.com\/w:370\/h:350\/q:mauto\/ig:avif\/https:\/\/etitmimarlik.com\/wp-content\/uploads\/2025\/05\/YNM-INSAAT-OFIS-13.jpg\"  decoding=\"async\" width=\"370\" height=\"350\" src=\"data:image/svg+xml,%3Csvg%20viewBox%3D%220%200%20370%20350%22%20width%3D%22370%22%20height%3D%22350%22%20xmlns%3D%22http%3A%2F%2Fwww.w3.org%2F2000%2Fsvg%22%3E%3Crect%20width%3D%22370%22%20height%3D%22350%22%20fill%3D%22transparent%22%2F%3E%3C%2Fsvg%3E\" class=\"attachment-post-thumbnail size-post-thumbnail\" alt=\"\" old-srcset=\"https:\/\/mlomdotv9ssz.i.optimole.com\/w:370\/h:350\/q:mauto\/ig:avif\/https:\/\/etitmimarlik.com\/wp-content\/uploads\/2025\/05\/YNM-INSAAT-OFIS-13.jpg 370w, https:\/\/mlomdotv9ssz.i.optimole.com\/w:300\/h:283\/q:mauto\/ig:avif\/https:\/\/etitmimarlik.com\/wp-content\/uploads\/2025\/05\/YNM-INSAAT-OFIS-13.jpg 300w, https:\/\/mlomdotv9ssz.i.optimole.com\/w:1024\/h:967\/q:mauto\/ig:avif\/https:\/\/etitmimarlik.com\/wp-content\/uploads\/2025\/05\/YNM-INSAAT-OFIS-13.jpg 1024w, https:\/\/mlomdotv9ssz.i.optimole.com\/w:768\/h:726\/q:mauto\/ig:avif\/https:\/\/etitmimarlik.com\/wp-content\/uploads\/2025\/05\/YNM-INSAAT-OFIS-13.jpg 768w, https:\/\/mlomdotv9ssz.i.optimole.com\/w:1143\/h:1080\/q:mauto\/ig:avif\/https:\/\/etitmimarlik.com\/wp-content\/uploads\/2025\/05\/YNM-INSAAT-OFIS-13.jpg 1536w, https:\/\/mlomdotv9ssz.i.optimole.com\/w:1143\/h:1080\/q:mauto\/ig:avif\/https:\/\/etitmimarlik.com\/wp-content\/uploads\/2025\/05\/YNM-INSAAT-OFIS-13.jpg 2048w, https:\/\/mlomdotv9ssz.i.optimole.com\/w:840\/h:794\/q:mauto\/ig:avif\/https:\/\/etitmimarlik.com\/wp-content\/uploads\/2025\/05\/YNM-INSAAT-OFIS-13.jpg 840w, https:\/\/mlomdotv9ssz.i.optimole.com\/w:410\/h:387\/q:mauto\/ig:avif\/https:\/\/etitmimarlik.com\/wp-content\/uploads\/2025\/05\/YNM-INSAAT-OFIS-13.jpg 410w\" \/><\/a>\n\t\t\t<\/div><\/figure><figure class='gallery-item'>\n\t\t\t<div class='gallery-icon portrait'>\n\t\t\t\t<a data-elementor-open-lightbox=\"yes\" data-elementor-lightbox-slideshow=\"f1c290d\" data-elementor-lightbox-title=\"YNM \u0130N\u015eAAT - OF\u0130S (20)\" data-e-action-hash=\"#elementor-action%3Aaction%3Dlightbox%26settings%3DeyJpZCI6MjUwNDIsInVybCI6Imh0dHBzOlwvXC9ldGl0bWltYXJsaWsuY29tXC93cC1jb250ZW50XC91cGxvYWRzXC8yMDI1XC8wNVwvWU5NLUlOU0FBVC1PRklTLTIwLmpwZyIsInNsaWRlc2hvdyI6ImYxYzI5MGQifQ%3D%3D\" href='https:\/\/mlomdotv9ssz.i.optimole.com\/w:auto\/h:auto\/q:mauto\/ig:avif\/https:\/\/etitmimarlik.com\/wp-content\/uploads\/2025\/05\/YNM-INSAAT-OFIS-20.jpg'><img data-opt-id=1583897066  data-opt-src=\"https:\/\/mlomdotv9ssz.i.optimole.com\/w:370\/h:438\/q:mauto\/ig:avif\/https:\/\/etitmimarlik.com\/wp-content\/uploads\/2025\/05\/YNM-INSAAT-OFIS-20.jpg\"  decoding=\"async\" width=\"370\" height=\"438\" src=\"data:image/svg+xml,%3Csvg%20viewBox%3D%220%200%20370%20438%22%20width%3D%22370%22%20height%3D%22438%22%20xmlns%3D%22http%3A%2F%2Fwww.w3.org%2F2000%2Fsvg%22%3E%3Crect%20width%3D%22370%22%20height%3D%22438%22%20fill%3D%22transparent%22%2F%3E%3C%2Fsvg%3E\" class=\"attachment-post-thumbnail size-post-thumbnail\" alt=\"\" old-srcset=\"https:\/\/mlomdotv9ssz.i.optimole.com\/w:370\/h:438\/q:mauto\/ig:avif\/https:\/\/etitmimarlik.com\/wp-content\/uploads\/2025\/05\/YNM-INSAAT-OFIS-20.jpg 370w, https:\/\/mlomdotv9ssz.i.optimole.com\/w:254\/h:300\/q:mauto\/ig:avif\/https:\/\/etitmimarlik.com\/wp-content\/uploads\/2025\/05\/YNM-INSAAT-OFIS-20.jpg 254w, https:\/\/mlomdotv9ssz.i.optimole.com\/w:866\/h:1024\/q:mauto\/ig:avif\/https:\/\/etitmimarlik.com\/wp-content\/uploads\/2025\/05\/YNM-INSAAT-OFIS-20.jpg 866w, https:\/\/mlomdotv9ssz.i.optimole.com\/w:768\/h:908\/q:mauto\/ig:avif\/https:\/\/etitmimarlik.com\/wp-content\/uploads\/2025\/05\/YNM-INSAAT-OFIS-20.jpg 768w, https:\/\/mlomdotv9ssz.i.optimole.com\/w:913\/h:1080\/q:mauto\/ig:avif\/https:\/\/etitmimarlik.com\/wp-content\/uploads\/2025\/05\/YNM-INSAAT-OFIS-20.jpg 1299w, https:\/\/mlomdotv9ssz.i.optimole.com\/w:912\/h:1080\/q:mauto\/ig:avif\/https:\/\/etitmimarlik.com\/wp-content\/uploads\/2025\/05\/YNM-INSAAT-OFIS-20.jpg 1731w, https:\/\/mlomdotv9ssz.i.optimole.com\/w:840\/h:994\/q:mauto\/ig:avif\/https:\/\/etitmimarlik.com\/wp-content\/uploads\/2025\/05\/YNM-INSAAT-OFIS-20.jpg 840w, https:\/\/mlomdotv9ssz.i.optimole.com\/w:410\/h:485\/q:mauto\/ig:avif\/https:\/\/etitmimarlik.com\/wp-content\/uploads\/2025\/05\/YNM-INSAAT-OFIS-20.jpg 410w\" \/><\/a>\n\t\t\t<\/div><\/figure><figure class='gallery-item'>\n\t\t\t<div class='gallery-icon landscape'>\n\t\t\t\t<a data-elementor-open-lightbox=\"yes\" data-elementor-lightbox-slideshow=\"f1c290d\" data-elementor-lightbox-title=\"YNM \u0130N\u015eAAT - OF\u0130S (10)\" data-e-action-hash=\"#elementor-action%3Aaction%3Dlightbox%26settings%3DeyJpZCI6MjUwNDQsInVybCI6Imh0dHBzOlwvXC9ldGl0bWltYXJsaWsuY29tXC93cC1jb250ZW50XC91cGxvYWRzXC8yMDI1XC8wNVwvWU5NLUlOU0FBVC1PRklTLTEwLmpwZyIsInNsaWRlc2hvdyI6ImYxYzI5MGQifQ%3D%3D\" href='https:\/\/mlomdotv9ssz.i.optimole.com\/w:auto\/h:auto\/q:mauto\/ig:avif\/https:\/\/etitmimarlik.com\/wp-content\/uploads\/2025\/05\/YNM-INSAAT-OFIS-10.jpg'><img data-opt-id=1007960750  data-opt-src=\"https:\/\/mlomdotv9ssz.i.optimole.com\/w:370\/h:350\/q:mauto\/ig:avif\/https:\/\/etitmimarlik.com\/wp-content\/uploads\/2025\/05\/YNM-INSAAT-OFIS-10.jpg\"  decoding=\"async\" width=\"370\" height=\"350\" src=\"data:image/svg+xml,%3Csvg%20viewBox%3D%220%200%20370%20350%22%20width%3D%22370%22%20height%3D%22350%22%20xmlns%3D%22http%3A%2F%2Fwww.w3.org%2F2000%2Fsvg%22%3E%3Crect%20width%3D%22370%22%20height%3D%22350%22%20fill%3D%22transparent%22%2F%3E%3C%2Fsvg%3E\" class=\"attachment-post-thumbnail size-post-thumbnail\" alt=\"\" old-srcset=\"https:\/\/mlomdotv9ssz.i.optimole.com\/w:370\/h:350\/q:mauto\/ig:avif\/https:\/\/etitmimarlik.com\/wp-content\/uploads\/2025\/05\/YNM-INSAAT-OFIS-10.jpg 370w, https:\/\/mlomdotv9ssz.i.optimole.com\/w:300\/h:283\/q:mauto\/ig:avif\/https:\/\/etitmimarlik.com\/wp-content\/uploads\/2025\/05\/YNM-INSAAT-OFIS-10.jpg 300w, https:\/\/mlomdotv9ssz.i.optimole.com\/w:1024\/h:967\/q:mauto\/ig:avif\/https:\/\/etitmimarlik.com\/wp-content\/uploads\/2025\/05\/YNM-INSAAT-OFIS-10.jpg 1024w, https:\/\/mlomdotv9ssz.i.optimole.com\/w:768\/h:726\/q:mauto\/ig:avif\/https:\/\/etitmimarlik.com\/wp-content\/uploads\/2025\/05\/YNM-INSAAT-OFIS-10.jpg 768w, https:\/\/mlomdotv9ssz.i.optimole.com\/w:1143\/h:1080\/q:mauto\/ig:avif\/https:\/\/etitmimarlik.com\/wp-content\/uploads\/2025\/05\/YNM-INSAAT-OFIS-10.jpg 1536w, https:\/\/mlomdotv9ssz.i.optimole.com\/w:1143\/h:1080\/q:mauto\/ig:avif\/https:\/\/etitmimarlik.com\/wp-content\/uploads\/2025\/05\/YNM-INSAAT-OFIS-10.jpg 2048w, https:\/\/mlomdotv9ssz.i.optimole.com\/w:840\/h:794\/q:mauto\/ig:avif\/https:\/\/etitmimarlik.com\/wp-content\/uploads\/2025\/05\/YNM-INSAAT-OFIS-10.jpg 840w, https:\/\/mlomdotv9ssz.i.optimole.com\/w:410\/h:387\/q:mauto\/ig:avif\/https:\/\/etitmimarlik.com\/wp-content\/uploads\/2025\/05\/YNM-INSAAT-OFIS-10.jpg 410w\" \/><\/a>\n\t\t\t<\/div><\/figure><figure class='gallery-item'>\n\t\t\t<div class='gallery-icon landscape'>\n\t\t\t\t<a data-elementor-open-lightbox=\"yes\" data-elementor-lightbox-slideshow=\"f1c290d\" data-elementor-lightbox-title=\"YNM \u0130N\u015eAAT - OF\u0130S (9)\" data-e-action-hash=\"#elementor-action%3Aaction%3Dlightbox%26settings%3DeyJpZCI6MjUwNDYsInVybCI6Imh0dHBzOlwvXC9ldGl0bWltYXJsaWsuY29tXC93cC1jb250ZW50XC91cGxvYWRzXC8yMDI1XC8wNVwvWU5NLUlOU0FBVC1PRklTLTkuanBnIiwic2xpZGVzaG93IjoiZjFjMjkwZCJ9\" href='https:\/\/mlomdotv9ssz.i.optimole.com\/w:auto\/h:auto\/q:mauto\/ig:avif\/https:\/\/etitmimarlik.com\/wp-content\/uploads\/2025\/05\/YNM-INSAAT-OFIS-9.jpg'><img data-opt-id=1577129348  data-opt-src=\"https:\/\/mlomdotv9ssz.i.optimole.com\/w:370\/h:350\/q:mauto\/ig:avif\/https:\/\/etitmimarlik.com\/wp-content\/uploads\/2025\/05\/YNM-INSAAT-OFIS-9.jpg\"  decoding=\"async\" width=\"370\" height=\"350\" src=\"data:image/svg+xml,%3Csvg%20viewBox%3D%220%200%20370%20350%22%20width%3D%22370%22%20height%3D%22350%22%20xmlns%3D%22http%3A%2F%2Fwww.w3.org%2F2000%2Fsvg%22%3E%3Crect%20width%3D%22370%22%20height%3D%22350%22%20fill%3D%22transparent%22%2F%3E%3C%2Fsvg%3E\" class=\"attachment-post-thumbnail size-post-thumbnail\" alt=\"\" old-srcset=\"https:\/\/mlomdotv9ssz.i.optimole.com\/w:370\/h:350\/q:mauto\/ig:avif\/https:\/\/etitmimarlik.com\/wp-content\/uploads\/2025\/05\/YNM-INSAAT-OFIS-9.jpg 370w, https:\/\/mlomdotv9ssz.i.optimole.com\/w:300\/h:283\/q:mauto\/ig:avif\/https:\/\/etitmimarlik.com\/wp-content\/uploads\/2025\/05\/YNM-INSAAT-OFIS-9.jpg 300w, https:\/\/mlomdotv9ssz.i.optimole.com\/w:1024\/h:967\/q:mauto\/ig:avif\/https:\/\/etitmimarlik.com\/wp-content\/uploads\/2025\/05\/YNM-INSAAT-OFIS-9.jpg 1024w, https:\/\/mlomdotv9ssz.i.optimole.com\/w:768\/h:726\/q:mauto\/ig:avif\/https:\/\/etitmimarlik.com\/wp-content\/uploads\/2025\/05\/YNM-INSAAT-OFIS-9.jpg 768w, https:\/\/mlomdotv9ssz.i.optimole.com\/w:1143\/h:1080\/q:mauto\/ig:avif\/https:\/\/etitmimarlik.com\/wp-content\/uploads\/2025\/05\/YNM-INSAAT-OFIS-9.jpg 1536w, https:\/\/mlomdotv9ssz.i.optimole.com\/w:1143\/h:1080\/q:mauto\/ig:avif\/https:\/\/etitmimarlik.com\/wp-content\/uploads\/2025\/05\/YNM-INSAAT-OFIS-9.jpg 2048w, https:\/\/mlomdotv9ssz.i.optimole.com\/w:840\/h:794\/q:mauto\/ig:avif\/https:\/\/etitmimarlik.com\/wp-content\/uploads\/2025\/05\/YNM-INSAAT-OFIS-9.jpg 840w, https:\/\/mlomdotv9ssz.i.optimole.com\/w:410\/h:387\/q:mauto\/ig:avif\/https:\/\/etitmimarlik.com\/wp-content\/uploads\/2025\/05\/YNM-INSAAT-OFIS-9.jpg 410w\" \/><\/a>\n\t\t\t<\/div><\/figure><figure class='gallery-item'>\n\t\t\t<div class='gallery-icon landscape'>\n\t\t\t\t<a data-elementor-open-lightbox=\"yes\" data-elementor-lightbox-slideshow=\"f1c290d\" data-elementor-lightbox-title=\"YNM \u0130N\u015eAAT - OF\u0130S (23)\" data-e-action-hash=\"#elementor-action%3Aaction%3Dlightbox%26settings%3DeyJpZCI6MjUwNDgsInVybCI6Imh0dHBzOlwvXC9ldGl0bWltYXJsaWsuY29tXC93cC1jb250ZW50XC91cGxvYWRzXC8yMDI1XC8wNVwvWU5NLUlOU0FBVC1PRklTLTIzLmpwZyIsInNsaWRlc2hvdyI6ImYxYzI5MGQifQ%3D%3D\" href='https:\/\/mlomdotv9ssz.i.optimole.com\/w:auto\/h:auto\/q:mauto\/ig:avif\/https:\/\/etitmimarlik.com\/wp-content\/uploads\/2025\/05\/YNM-INSAAT-OFIS-23.jpg'><img data-opt-id=147402497  data-opt-src=\"https:\/\/mlomdotv9ssz.i.optimole.com\/w:370\/h:350\/q:mauto\/ig:avif\/https:\/\/etitmimarlik.com\/wp-content\/uploads\/2025\/05\/YNM-INSAAT-OFIS-23.jpg\"  decoding=\"async\" width=\"370\" height=\"350\" src=\"data:image/svg+xml,%3Csvg%20viewBox%3D%220%200%20370%20350%22%20width%3D%22370%22%20height%3D%22350%22%20xmlns%3D%22http%3A%2F%2Fwww.w3.org%2F2000%2Fsvg%22%3E%3Crect%20width%3D%22370%22%20height%3D%22350%22%20fill%3D%22transparent%22%2F%3E%3C%2Fsvg%3E\" class=\"attachment-post-thumbnail size-post-thumbnail\" alt=\"\" old-srcset=\"https:\/\/mlomdotv9ssz.i.optimole.com\/w:370\/h:350\/q:mauto\/ig:avif\/https:\/\/etitmimarlik.com\/wp-content\/uploads\/2025\/05\/YNM-INSAAT-OFIS-23.jpg 370w, https:\/\/mlomdotv9ssz.i.optimole.com\/w:300\/h:283\/q:mauto\/ig:avif\/https:\/\/etitmimarlik.com\/wp-content\/uploads\/2025\/05\/YNM-INSAAT-OFIS-23.jpg 300w, https:\/\/mlomdotv9ssz.i.optimole.com\/w:1024\/h:967\/q:mauto\/ig:avif\/https:\/\/etitmimarlik.com\/wp-content\/uploads\/2025\/05\/YNM-INSAAT-OFIS-23.jpg 1024w, https:\/\/mlomdotv9ssz.i.optimole.com\/w:768\/h:726\/q:mauto\/ig:avif\/https:\/\/etitmimarlik.com\/wp-content\/uploads\/2025\/05\/YNM-INSAAT-OFIS-23.jpg 768w, https:\/\/mlomdotv9ssz.i.optimole.com\/w:1143\/h:1080\/q:mauto\/ig:avif\/https:\/\/etitmimarlik.com\/wp-content\/uploads\/2025\/05\/YNM-INSAAT-OFIS-23.jpg 1536w, https:\/\/mlomdotv9ssz.i.optimole.com\/w:1143\/h:1080\/q:mauto\/ig:avif\/https:\/\/etitmimarlik.com\/wp-content\/uploads\/2025\/05\/YNM-INSAAT-OFIS-23.jpg 2048w, https:\/\/mlomdotv9ssz.i.optimole.com\/w:840\/h:794\/q:mauto\/ig:avif\/https:\/\/etitmimarlik.com\/wp-content\/uploads\/2025\/05\/YNM-INSAAT-OFIS-23.jpg 840w, https:\/\/mlomdotv9ssz.i.optimole.com\/w:410\/h:387\/q:mauto\/ig:avif\/https:\/\/etitmimarlik.com\/wp-content\/uploads\/2025\/05\/YNM-INSAAT-OFIS-23.jpg 410w\" \/><\/a>\n\t\t\t<\/div><\/figure><figure class='gallery-item'>\n\t\t\t<div class='gallery-icon portrait'>\n\t\t\t\t<a data-elementor-open-lightbox=\"yes\" data-elementor-lightbox-slideshow=\"f1c290d\" data-elementor-lightbox-title=\"YNM \u0130N\u015eAAT - OF\u0130S (22)\" data-e-action-hash=\"#elementor-action%3Aaction%3Dlightbox%26settings%3DeyJpZCI6MjUwNTAsInVybCI6Imh0dHBzOlwvXC9ldGl0bWltYXJsaWsuY29tXC93cC1jb250ZW50XC91cGxvYWRzXC8yMDI1XC8wNVwvWU5NLUlOU0FBVC1PRklTLTIyLmpwZyIsInNsaWRlc2hvdyI6ImYxYzI5MGQifQ%3D%3D\" href='https:\/\/mlomdotv9ssz.i.optimole.com\/w:auto\/h:auto\/q:mauto\/ig:avif\/https:\/\/etitmimarlik.com\/wp-content\/uploads\/2025\/05\/YNM-INSAAT-OFIS-22.jpg'><img data-opt-id=1060929285  data-opt-src=\"https:\/\/mlomdotv9ssz.i.optimole.com\/w:370\/h:438\/q:mauto\/ig:avif\/https:\/\/etitmimarlik.com\/wp-content\/uploads\/2025\/05\/YNM-INSAAT-OFIS-22.jpg\"  decoding=\"async\" width=\"370\" height=\"438\" src=\"data:image/svg+xml,%3Csvg%20viewBox%3D%220%200%20370%20438%22%20width%3D%22370%22%20height%3D%22438%22%20xmlns%3D%22http%3A%2F%2Fwww.w3.org%2F2000%2Fsvg%22%3E%3Crect%20width%3D%22370%22%20height%3D%22438%22%20fill%3D%22transparent%22%2F%3E%3C%2Fsvg%3E\" class=\"attachment-post-thumbnail size-post-thumbnail\" alt=\"\" old-srcset=\"https:\/\/mlomdotv9ssz.i.optimole.com\/w:370\/h:438\/q:mauto\/ig:avif\/https:\/\/etitmimarlik.com\/wp-content\/uploads\/2025\/05\/YNM-INSAAT-OFIS-22.jpg 370w, https:\/\/mlomdotv9ssz.i.optimole.com\/w:254\/h:300\/q:mauto\/ig:avif\/https:\/\/etitmimarlik.com\/wp-content\/uploads\/2025\/05\/YNM-INSAAT-OFIS-22.jpg 254w, https:\/\/mlomdotv9ssz.i.optimole.com\/w:866\/h:1024\/q:mauto\/ig:avif\/https:\/\/etitmimarlik.com\/wp-content\/uploads\/2025\/05\/YNM-INSAAT-OFIS-22.jpg 866w, https:\/\/mlomdotv9ssz.i.optimole.com\/w:768\/h:909\/q:mauto\/ig:avif\/https:\/\/etitmimarlik.com\/wp-content\/uploads\/2025\/05\/YNM-INSAAT-OFIS-22.jpg 768w, https:\/\/mlomdotv9ssz.i.optimole.com\/w:840\/h:994\/q:mauto\/ig:avif\/https:\/\/etitmimarlik.com\/wp-content\/uploads\/2025\/05\/YNM-INSAAT-OFIS-22.jpg 840w, https:\/\/mlomdotv9ssz.i.optimole.com\/w:410\/h:485\/q:mauto\/ig:avif\/https:\/\/etitmimarlik.com\/wp-content\/uploads\/2025\/05\/YNM-INSAAT-OFIS-22.jpg 410w, https:\/\/mlomdotv9ssz.i.optimole.com\/w:912\/h:1080\/q:mauto\/ig:avif\/https:\/\/etitmimarlik.com\/wp-content\/uploads\/2025\/05\/YNM-INSAAT-OFIS-22.jpg 1268w\" \/><\/a>\n\t\t\t<\/div><\/figure>\n\t\t<\/div>\n\t\t<\/div>\n\t\t\t\t\t\t<\/div>\n\t\t\t\t\t<\/div>\n\t\t<\/div>\n\t\t\t\t\t<\/div>\n\t\t<\/section>\n\t\t\t\t<\/div>\n\t\t","protected":false},"excerpt":{"rendered":"<p>YNM Construction Office Type: Office Location: T\u00fcrkiye Year: 2023<\/p>\n","protected":false},"author":1,"featured_media":25030,"parent":22821,"menu_order":0,"comment_status":"closed","ping_status":"closed","template":"","meta":{"_acf_changed":false,"footnotes":""},"class_list":["post-25054","page","type-page","status-publish","has-post-thumbnail","hentry"],"acf":[],"_links":{"self":[{"href":"https:\/\/etitmimarlik.com\/en\/wp-json\/wp\/v2\/pages\/25054","targetHints":{"allow":["GET"]}}],"collection":[{"href":"https:\/\/etitmimarlik.com\/en\/wp-json\/wp\/v2\/pages"}],"about":[{"href":"https:\/\/etitmimarlik.com\/en\/wp-json\/wp\/v2\/types\/page"}],"author":[{"embeddable":true,"href":"https:\/\/etitmimarlik.com\/en\/wp-json\/wp\/v2\/users\/1"}],"replies":[{"embeddable":true,"href":"https:\/\/etitmimarlik.com\/en\/wp-json\/wp\/v2\/comments?post=25054"}],"version-history":[{"count":1,"href":"https:\/\/etitmimarlik.com\/en\/wp-json\/wp\/v2\/pages\/25054\/revisions"}],"predecessor-version":[{"id":25055,"href":"https:\/\/etitmimarlik.com\/en\/wp-json\/wp\/v2\/pages\/25054\/revisions\/25055"}],"up":[{"embeddable":true,"href":"https:\/\/etitmimarlik.com\/en\/wp-json\/wp\/v2\/pages\/22821"}],"wp:featuredmedia":[{"embeddable":true,"href":"https:\/\/etitmimarlik.com\/en\/wp-json\/wp\/v2\/media\/25030"}],"wp:attachment":[{"href":"https:\/\/etitmimarlik.com\/en\/wp-json\/wp\/v2\/media?parent=25054"}],"curies":[{"name":"wp","href":"https:\/\/api.w.org\/{rel}","templated":true}]}}